{"id":3000,"date":"2025-10-10T15:24:01","date_gmt":"2025-10-10T15:24:01","guid":{"rendered":"https:\/\/eclat-md.ca\/laura-iglesias-girard\/"},"modified":"2026-04-16T11:50:16","modified_gmt":"2026-04-16T11:50:16","slug":"laura-iglesias-girard","status":"publish","type":"page","link":"https:\/\/eclat-md.ca\/en\/laura-iglesias-girard\/","title":{"rendered":"Dr. Laura Iglesias-Girard"},"content":{"rendered":"\t\t<div data-elementor-type=\"wp-page\" data-elementor-id=\"3000\" class=\"elementor elementor-3000 elementor-2406\" data-elementor-settings=\"{&quot;element_pack_global_tooltip_width&quot;:{&quot;unit&quot;:&quot;px&quot;,&quot;size&quot;:&quot;&quot;,&quot;sizes&quot;:[]},&quot;element_pack_global_tooltip_width_tablet&quot;:{&quot;unit&quot;:&quot;px&quot;,&quot;size&quot;:&quot;&quot;,&quot;sizes&quot;:[]},&quot;element_pack_global_tooltip_width_mobile&quot;:{&quot;unit&quot;:&quot;px&quot;,&quot;size&quot;:&quot;&quot;,&quot;sizes&quot;:[]},&quot;element_pack_global_tooltip_padding&quot;:{&quot;unit&quot;:&quot;px&quot;,&quot;top&quot;:&quot;&quot;,&quot;right&quot;:&quot;&quot;,&quot;bottom&quot;:&quot;&quot;,&quot;left&quot;:&quot;&quot;,&quot;isLinked&quot;:true},&quot;element_pack_global_tooltip_padding_tablet&quot;:{&quot;unit&quot;:&quot;px&quot;,&quot;top&quot;:&quot;&quot;,&quot;right&quot;:&quot;&quot;,&quot;bottom&quot;:&quot;&quot;,&quot;left&quot;:&quot;&quot;,&quot;isLinked&quot;:true},&quot;element_pack_global_tooltip_padding_mobile&quot;:{&quot;unit&quot;:&quot;px&quot;,&quot;top&quot;:&quot;&quot;,&quot;right&quot;:&quot;&quot;,&quot;bottom&quot;:&quot;&quot;,&quot;left&quot;:&quot;&quot;,&quot;isLinked&quot;:true},&quot;element_pack_global_tooltip_border_radius&quot;:{&quot;unit&quot;:&quot;px&quot;,&quot;top&quot;:&quot;&quot;,&quot;right&quot;:&quot;&quot;,&quot;bottom&quot;:&quot;&quot;,&quot;left&quot;:&quot;&quot;,&quot;isLinked&quot;:true},&quot;element_pack_global_tooltip_border_radius_tablet&quot;:{&quot;unit&quot;:&quot;px&quot;,&quot;top&quot;:&quot;&quot;,&quot;right&quot;:&quot;&quot;,&quot;bottom&quot;:&quot;&quot;,&quot;left&quot;:&quot;&quot;,&quot;isLinked&quot;:true},&quot;element_pack_global_tooltip_border_radius_mobile&quot;:{&quot;unit&quot;:&quot;px&quot;,&quot;top&quot;:&quot;&quot;,&quot;right&quot;:&quot;&quot;,&quot;bottom&quot;:&quot;&quot;,&quot;left&quot;:&quot;&quot;,&quot;isLinked&quot;:true}}\" data-elementor-post-type=\"page\">\n\t\t\t\t<div class=\"elementor-element elementor-element-015d18d e-flex e-con-boxed e-con e-parent\" data-id=\"015d18d\" data-element_type=\"container\" data-e-type=\"container\" data-settings=\"{&quot;background_background&quot;:&quot;classic&quot;}\">\n\t\t\t\t\t<div class=\"e-con-inner\">\n\t\t<div class=\"elementor-element elementor-element-6990c1c e-con-full e-flex e-con e-child\" data-id=\"6990c1c\" data-element_type=\"container\" data-e-type=\"container\">\n\t\t\t\t<div class=\"elementor-element elementor-element-2c38a68  ui-split-animate ui-splitby-chars elementor-widget elementor-widget-heading\" data-id=\"2c38a68\" data-element_type=\"widget\" data-e-type=\"widget\" data-settings=\"{&quot;ui_animate_split&quot;:&quot;ui-split-animate&quot;,&quot;ui_animate_split_by&quot;:&quot;chars&quot;,&quot;ui_animate_split_style&quot;:&quot;fadeInUp&quot;}\" data-widget_type=\"heading.default\">\n\t\t\t\t<div class=\"elementor-widget-container\">\n\t\t\t\t\t<h1 class=\"elementor-heading-title elementor-size-default\">Dr. Laura Iglesias-Girard\n<\/h1>\t\t\t\t<\/div>\n\t\t\t\t<\/div>\n\t\t\t\t<\/div>\n\t\t\t\t<div class=\"elementor-element elementor-element-b284bb5 elementor-align-right elementor-fixed elementor-widget elementor-widget-button\" data-id=\"b284bb5\" data-element_type=\"widget\" data-e-type=\"widget\" data-settings=\"{&quot;_position&quot;:&quot;fixed&quot;,&quot;motion_fx_motion_fx_scrolling&quot;:&quot;yes&quot;,&quot;motion_fx_opacity_effect&quot;:&quot;yes&quot;,&quot;motion_fx_opacity_range&quot;:{&quot;unit&quot;:&quot;%&quot;,&quot;size&quot;:&quot;&quot;,&quot;sizes&quot;:{&quot;start&quot;:14,&quot;end&quot;:19}},&quot;motion_fx_range&quot;:&quot;page&quot;,&quot;motion_fx_opacity_direction&quot;:&quot;out-in&quot;,&quot;motion_fx_opacity_level&quot;:{&quot;unit&quot;:&quot;px&quot;,&quot;size&quot;:10,&quot;sizes&quot;:[]},&quot;motion_fx_devices&quot;:[&quot;desktop&quot;,&quot;tablet&quot;,&quot;mobile&quot;]}\" data-widget_type=\"button.default\">\n\t\t\t\t<div class=\"elementor-widget-container\">\n\t\t\t\t\t\t\t\t\t<div class=\"elementor-button-wrapper\">\n\t\t\t\t\t<a class=\"elementor-button elementor-button-link elementor-size-sm\" href=\"\/en\/online-appointment\/\">\n\t\t\t\t\t\t<span class=\"elementor-button-content-wrapper\">\n\t\t\t\t\t\t\t\t\t<span class=\"elementor-button-text\">Book an appointment<\/span>\n\t\t\t\t\t<\/span>\n\t\t\t\t\t<\/a>\n\t\t\t\t<\/div>\n\t\t\t\t\t\t\t\t<\/div>\n\t\t\t\t<\/div>\n\t\t\t\t\t<\/div>\n\t\t\t\t<\/div>\n\t\t<div class=\"elementor-element elementor-element-91acfb4 e-flex e-con-boxed e-con e-parent\" data-id=\"91acfb4\" data-element_type=\"container\" data-e-type=\"container\" data-settings=\"{&quot;background_background&quot;:&quot;classic&quot;}\">\n\t\t\t\t\t<div class=\"e-con-inner\">\n\t\t<div class=\"elementor-element elementor-element-b97b306 e-con-full e-flex e-con e-child\" data-id=\"b97b306\" data-element_type=\"container\" data-e-type=\"container\" data-settings=\"{&quot;background_background&quot;:&quot;classic&quot;}\">\n\t\t\t\t<div class=\"elementor-element elementor-element-6cc0a51 elementor-widget elementor-widget-image\" data-id=\"6cc0a51\" data-element_type=\"widget\" data-e-type=\"widget\" data-widget_type=\"image.default\">\n\t\t\t\t<div class=\"elementor-widget-container\">\n\t\t\t\t\t\t\t\t\t\t\t\t\t\t\t<img fetchpriority=\"high\" decoding=\"async\" width=\"839\" height=\"847\" src=\"https:\/\/eclat-md.ca\/wp-content\/uploads\/2026\/03\/Untitled-design-22.webp\" class=\"attachment-large size-large wp-image-3885\" alt=\"\" srcset=\"https:\/\/eclat-md.ca\/wp-content\/uploads\/2026\/03\/Untitled-design-22.webp 839w, https:\/\/eclat-md.ca\/wp-content\/uploads\/2026\/03\/Untitled-design-22-297x300.webp 297w, https:\/\/eclat-md.ca\/wp-content\/uploads\/2026\/03\/Untitled-design-22-150x150.webp 150w, https:\/\/eclat-md.ca\/wp-content\/uploads\/2026\/03\/Untitled-design-22-768x775.webp 768w, https:\/\/eclat-md.ca\/wp-content\/uploads\/2026\/03\/Untitled-design-22-644x650.webp 644w\" sizes=\"(max-width: 839px) 100vw, 839px\" \/>\t\t\t\t\t\t\t\t\t\t\t\t\t\t\t<\/div>\n\t\t\t\t<\/div>\n\t\t\t\t<div class=\"elementor-element elementor-element-d1f6220 elementor-hidden-tablet elementor-hidden-mobile elementor-widget elementor-widget-button\" data-id=\"d1f6220\" data-element_type=\"widget\" data-e-type=\"widget\" data-widget_type=\"button.default\">\n\t\t\t\t<div class=\"elementor-widget-container\">\n\t\t\t\t\t\t\t\t\t<div class=\"elementor-button-wrapper\">\n\t\t\t\t\t<a class=\"elementor-button elementor-button-link elementor-size-sm\" href=\"\/en\/about-the-clinic\/#ourexperts\">\n\t\t\t\t\t\t<span class=\"elementor-button-content-wrapper\">\n\t\t\t\t\t\t\t\t\t<span class=\"elementor-button-text\">Back<\/span>\n\t\t\t\t\t<\/span>\n\t\t\t\t\t<\/a>\n\t\t\t\t<\/div>\n\t\t\t\t\t\t\t\t<\/div>\n\t\t\t\t<\/div>\n\t\t\t\t<\/div>\n\t\t<div class=\"elementor-element elementor-element-8718f07 e-con-full e-flex e-con e-child\" data-id=\"8718f07\" data-element_type=\"container\" data-e-type=\"container\" data-settings=\"{&quot;background_background&quot;:&quot;classic&quot;}\">\n\t\t\t\t<div class=\"elementor-element elementor-element-e826f03 elementor-invisible elementor-widget elementor-widget-text-editor\" data-id=\"e826f03\" data-element_type=\"widget\" data-e-type=\"widget\" data-settings=\"{&quot;_animation&quot;:&quot;fadeIn&quot;,&quot;_animation_delay&quot;:1200}\" data-widget_type=\"text-editor.default\">\n\t\t\t\t<div class=\"elementor-widget-container\">\n\t\t\t\t\t\t\t\t\tDr. Iglesias-Girard graduated from the Universit\u00e9 de Sherbrooke School of Medicine and completed her dermatology residency at Universit\u00e9 de Montr\u00e9al. She then pursued additional training (fellowship) in the treatment of complex wounds at Universit\u00e9 Laval.\n\t\t\t\t\t\t\t\t<\/div>\n\t\t\t\t<\/div>\n\t\t\t\t<div class=\"elementor-element elementor-element-c279656 elementor-hidden-desktop elementor-widget elementor-widget-button\" data-id=\"c279656\" data-element_type=\"widget\" data-e-type=\"widget\" data-widget_type=\"button.default\">\n\t\t\t\t<div class=\"elementor-widget-container\">\n\t\t\t\t\t\t\t\t\t<div class=\"elementor-button-wrapper\">\n\t\t\t\t\t<a class=\"elementor-button elementor-button-link elementor-size-sm\" href=\"\/en\/about-the-clinic\/#ourexperts\">\n\t\t\t\t\t\t<span class=\"elementor-button-content-wrapper\">\n\t\t\t\t\t\t\t\t\t<span class=\"elementor-button-text\">Back<\/span>\n\t\t\t\t\t<\/span>\n\t\t\t\t\t<\/a>\n\t\t\t\t<\/div>\n\t\t\t\t\t\t\t\t<\/div>\n\t\t\t\t<\/div>\n\t\t\t\t<\/div>\n\t\t\t\t\t<\/div>\n\t\t\t\t<\/div>\n\t\t\t\t<\/div>\n\t\t","protected":false},"excerpt":{"rendered":"<p>Dr. Laura Iglesias-Girard Book an appointment Back Dr. Iglesias-Girard graduated from the Universit\u00e9 de Sherbrooke School of Medicine and completed her dermatology [&hellip;]<\/p>\n","protected":false},"author":4,"featured_media":0,"parent":0,"menu_order":0,"comment_status":"closed","ping_status":"closed","template":"","meta":{"_acf_changed":false,"footnotes":""},"class_list":["post-3000","page","type-page","status-publish","hentry"],"acf":[],"yoast_head":"<!-- This site is optimized with the Yoast SEO plugin v27.4 - https:\/\/yoast.com\/product\/yoast-seo-wordpress\/ -->\n<title>Dr. Laura Iglesias-Girard - \u00c9clat MD | Aesthetic Dermatology Clinic<\/title>\n<meta name=\"description\" content=\"Dr. Iglesias-Girard, a passionate dermatologist, combines clinical expertise with academic rigor, with advanced training in the treatment of complex wounds.\" \/>\n<meta name=\"robots\" content=\"index, follow, max-snippet:-1, max-image-preview:large, max-video-preview:-1\" \/>\n<link rel=\"canonical\" href=\"https:\/\/eclat-md.ca\/en\/laura-iglesias-girard\/\" \/>\n<meta property=\"og:locale\" content=\"en_US\" \/>\n<meta property=\"og:type\" content=\"article\" \/>\n<meta property=\"og:title\" content=\"Dr. Laura Iglesias-Girard - \u00c9clat MD | Aesthetic Dermatology Clinic\" \/>\n<meta property=\"og:description\" content=\"Dr. Iglesias-Girard, a passionate dermatologist, combines clinical expertise with academic rigor, with advanced training in the treatment of complex wounds.\" \/>\n<meta property=\"og:url\" content=\"https:\/\/eclat-md.ca\/en\/laura-iglesias-girard\/\" \/>\n<meta property=\"og:site_name\" content=\"\u00c9clat MD\" \/>\n<meta property=\"article:modified_time\" content=\"2026-04-16T11:50:16+00:00\" \/>\n<meta property=\"og:image\" content=\"https:\/\/eclat-md.ca\/wp-content\/uploads\/2026\/03\/Untitled-design-22.webp\" \/>\n\t<meta property=\"og:image:width\" content=\"839\" \/>\n\t<meta property=\"og:image:height\" content=\"847\" \/>\n\t<meta property=\"og:image:type\" content=\"image\/png\" \/>\n<meta name=\"twitter:card\" content=\"summary_large_image\" \/>\n<meta name=\"twitter:label1\" content=\"Est. reading time\" \/>\n\t<meta name=\"twitter:data1\" content=\"1 minute\" \/>\n<script type=\"application\/ld+json\" class=\"yoast-schema-graph\">{\"@context\":\"https:\\\/\\\/schema.org\",\"@graph\":[{\"@type\":\"WebPage\",\"@id\":\"https:\\\/\\\/eclat-md.ca\\\/en\\\/laura-iglesias-girard\\\/\",\"url\":\"https:\\\/\\\/eclat-md.ca\\\/en\\\/laura-iglesias-girard\\\/\",\"name\":\"Dr. Laura Iglesias-Girard - \u00c9clat MD | Aesthetic Dermatology Clinic\",\"isPartOf\":{\"@id\":\"https:\\\/\\\/eclat-md.ca\\\/en\\\/#website\"},\"primaryImageOfPage\":{\"@id\":\"https:\\\/\\\/eclat-md.ca\\\/en\\\/laura-iglesias-girard\\\/#primaryimage\"},\"image\":{\"@id\":\"https:\\\/\\\/eclat-md.ca\\\/en\\\/laura-iglesias-girard\\\/#primaryimage\"},\"thumbnailUrl\":\"https:\\\/\\\/eclat-md.ca\\\/wp-content\\\/uploads\\\/2026\\\/03\\\/Untitled-design-22.webp\",\"datePublished\":\"2025-10-10T15:24:01+00:00\",\"dateModified\":\"2026-04-16T11:50:16+00:00\",\"description\":\"Dr. Iglesias-Girard, a passionate dermatologist, combines clinical expertise with academic rigor, with advanced training in the treatment of complex wounds.\",\"breadcrumb\":{\"@id\":\"https:\\\/\\\/eclat-md.ca\\\/en\\\/laura-iglesias-girard\\\/#breadcrumb\"},\"inLanguage\":\"en-US\",\"potentialAction\":[{\"@type\":\"ReadAction\",\"target\":[\"https:\\\/\\\/eclat-md.ca\\\/en\\\/laura-iglesias-girard\\\/\"]}]},{\"@type\":\"ImageObject\",\"inLanguage\":\"en-US\",\"@id\":\"https:\\\/\\\/eclat-md.ca\\\/en\\\/laura-iglesias-girard\\\/#primaryimage\",\"url\":\"https:\\\/\\\/eclat-md.ca\\\/wp-content\\\/uploads\\\/2026\\\/03\\\/Untitled-design-22.webp\",\"contentUrl\":\"https:\\\/\\\/eclat-md.ca\\\/wp-content\\\/uploads\\\/2026\\\/03\\\/Untitled-design-22.webp\"},{\"@type\":\"BreadcrumbList\",\"@id\":\"https:\\\/\\\/eclat-md.ca\\\/en\\\/laura-iglesias-girard\\\/#breadcrumb\",\"itemListElement\":[{\"@type\":\"ListItem\",\"position\":1,\"name\":\"Home\",\"item\":\"https:\\\/\\\/eclat-md.ca\\\/en\\\/home\\\/\"},{\"@type\":\"ListItem\",\"position\":2,\"name\":\"Dr. Laura Iglesias-Girard\"}]},{\"@type\":\"WebSite\",\"@id\":\"https:\\\/\\\/eclat-md.ca\\\/en\\\/#website\",\"url\":\"https:\\\/\\\/eclat-md.ca\\\/en\\\/\",\"name\":\"\u00c9clat MD\",\"description\":\"Clinique de soins dermatologiques esth\u00e9tiques\",\"potentialAction\":[{\"@type\":\"SearchAction\",\"target\":{\"@type\":\"EntryPoint\",\"urlTemplate\":\"https:\\\/\\\/eclat-md.ca\\\/en\\\/?s={search_term_string}\"},\"query-input\":{\"@type\":\"PropertyValueSpecification\",\"valueRequired\":true,\"valueName\":\"search_term_string\"}}],\"inLanguage\":\"en-US\"}]}<\/script>\n<!-- \/ Yoast SEO plugin. -->","yoast_head_json":{"title":"Dr. Laura Iglesias-Girard - \u00c9clat MD | Aesthetic Dermatology Clinic","description":"Dr. Iglesias-Girard, a passionate dermatologist, combines clinical expertise with academic rigor, with advanced training in the treatment of complex wounds.","robots":{"index":"index","follow":"follow","max-snippet":"max-snippet:-1","max-image-preview":"max-image-preview:large","max-video-preview":"max-video-preview:-1"},"canonical":"https:\/\/eclat-md.ca\/en\/laura-iglesias-girard\/","og_locale":"en_US","og_type":"article","og_title":"Dr. Laura Iglesias-Girard - \u00c9clat MD | Aesthetic Dermatology Clinic","og_description":"Dr. Iglesias-Girard, a passionate dermatologist, combines clinical expertise with academic rigor, with advanced training in the treatment of complex wounds.","og_url":"https:\/\/eclat-md.ca\/en\/laura-iglesias-girard\/","og_site_name":"\u00c9clat MD","article_modified_time":"2026-04-16T11:50:16+00:00","og_image":[{"width":839,"height":847,"url":"https:\/\/eclat-md.ca\/wp-content\/uploads\/2026\/03\/Untitled-design-22.webp","type":"image\/png"}],"twitter_card":"summary_large_image","twitter_misc":{"Est. reading time":"1 minute"},"schema":{"@context":"https:\/\/schema.org","@graph":[{"@type":"WebPage","@id":"https:\/\/eclat-md.ca\/en\/laura-iglesias-girard\/","url":"https:\/\/eclat-md.ca\/en\/laura-iglesias-girard\/","name":"Dr. Laura Iglesias-Girard - \u00c9clat MD | Aesthetic Dermatology Clinic","isPartOf":{"@id":"https:\/\/eclat-md.ca\/en\/#website"},"primaryImageOfPage":{"@id":"https:\/\/eclat-md.ca\/en\/laura-iglesias-girard\/#primaryimage"},"image":{"@id":"https:\/\/eclat-md.ca\/en\/laura-iglesias-girard\/#primaryimage"},"thumbnailUrl":"https:\/\/eclat-md.ca\/wp-content\/uploads\/2026\/03\/Untitled-design-22.webp","datePublished":"2025-10-10T15:24:01+00:00","dateModified":"2026-04-16T11:50:16+00:00","description":"Dr. Iglesias-Girard, a passionate dermatologist, combines clinical expertise with academic rigor, with advanced training in the treatment of complex wounds.","breadcrumb":{"@id":"https:\/\/eclat-md.ca\/en\/laura-iglesias-girard\/#breadcrumb"},"inLanguage":"en-US","potentialAction":[{"@type":"ReadAction","target":["https:\/\/eclat-md.ca\/en\/laura-iglesias-girard\/"]}]},{"@type":"ImageObject","inLanguage":"en-US","@id":"https:\/\/eclat-md.ca\/en\/laura-iglesias-girard\/#primaryimage","url":"https:\/\/eclat-md.ca\/wp-content\/uploads\/2026\/03\/Untitled-design-22.webp","contentUrl":"https:\/\/eclat-md.ca\/wp-content\/uploads\/2026\/03\/Untitled-design-22.webp"},{"@type":"BreadcrumbList","@id":"https:\/\/eclat-md.ca\/en\/laura-iglesias-girard\/#breadcrumb","itemListElement":[{"@type":"ListItem","position":1,"name":"Home","item":"https:\/\/eclat-md.ca\/en\/home\/"},{"@type":"ListItem","position":2,"name":"Dr. Laura Iglesias-Girard"}]},{"@type":"WebSite","@id":"https:\/\/eclat-md.ca\/en\/#website","url":"https:\/\/eclat-md.ca\/en\/","name":"\u00c9clat MD","description":"Clinique de soins dermatologiques esth\u00e9tiques","potentialAction":[{"@type":"SearchAction","target":{"@type":"EntryPoint","urlTemplate":"https:\/\/eclat-md.ca\/en\/?s={search_term_string}"},"query-input":{"@type":"PropertyValueSpecification","valueRequired":true,"valueName":"search_term_string"}}],"inLanguage":"en-US"}]}},"_links":{"self":[{"href":"https:\/\/eclat-md.ca\/en\/wp-json\/wp\/v2\/pages\/3000","targetHints":{"allow":["GET"]}}],"collection":[{"href":"https:\/\/eclat-md.ca\/en\/wp-json\/wp\/v2\/pages"}],"about":[{"href":"https:\/\/eclat-md.ca\/en\/wp-json\/wp\/v2\/types\/page"}],"author":[{"embeddable":true,"href":"https:\/\/eclat-md.ca\/en\/wp-json\/wp\/v2\/users\/4"}],"replies":[{"embeddable":true,"href":"https:\/\/eclat-md.ca\/en\/wp-json\/wp\/v2\/comments?post=3000"}],"version-history":[{"count":10,"href":"https:\/\/eclat-md.ca\/en\/wp-json\/wp\/v2\/pages\/3000\/revisions"}],"predecessor-version":[{"id":4001,"href":"https:\/\/eclat-md.ca\/en\/wp-json\/wp\/v2\/pages\/3000\/revisions\/4001"}],"wp:attachment":[{"href":"https:\/\/eclat-md.ca\/en\/wp-json\/wp\/v2\/media?parent=3000"}],"curies":[{"name":"wp","href":"https:\/\/api.w.org\/{rel}","templated":true}]}}